{"id":416,"date":"2023-06-21T20:46:05","date_gmt":"2023-06-21T19:46:05","guid":{"rendered":"https:\/\/webdetuboda.com\/?post_type=product&#038;p=416"},"modified":"2023-10-24T22:52:14","modified_gmt":"2023-10-24T21:52:14","slug":"traduccion-a-ingles","status":"publish","type":"product","link":"https:\/\/webdetuboda.com\/en\/product\/traduccion-a-ingles\/","title":{"rendered":"Traducci\u00f3n"},"content":{"rendered":"<p>Traducimos tu invitaci\u00f3n digital a ingl\u00e9s.<\/p>\n<p>Si quieres traducir a cualquier otro idioma simplemente necesitaremos los textos traducidos.<\/p>","protected":false},"excerpt":{"rendered":"<p>Traducimos tu invitaci\u00f3n digital a ingl\u00e9s. Si quieres traducir a cualquier otro idioma simplemente necesitaremos los textos traducidos.<\/p>","protected":false},"featured_media":795,"comment_status":"open","ping_status":"closed","template":"","meta":[],"product_brand":[],"product_cat":[20],"product_tag":[],"class_list":{"0":"post-416","1":"product","2":"type-product","3":"status-publish","4":"has-post-thumbnail","6":"product_cat-disenos-web","8":"first","9":"instock","10":"virtual","11":"taxable","12":"purchasable","13":"product-type-simple"},"yoast_head":"<!-- This site is optimized with the Yoast SEO plugin v26.5 - https:\/\/yoast.com\/wordpress\/plugins\/seo\/ -->\n<title>Traducci\u00f3n - Web de tu boda<\/title>\n<meta name=\"robots\" content=\"index, follow, max-snippet:-1, max-image-preview:large, max-video-preview:-1\" \/>\n<link rel=\"canonical\" href=\"https:\/\/webdetuboda.com\/en\/product\/traduccion-a-ingles\/\" \/>\n<meta property=\"og:locale\" content=\"en_GB\" \/>\n<meta property=\"og:type\" content=\"article\" \/>\n<meta property=\"og:title\" content=\"Traducci\u00f3n - Web de tu boda\" \/>\n<meta property=\"og:description\" content=\"Traducimos tu invitaci\u00f3n digital a ingl\u00e9s. Si quieres traducir a cualquier otro idioma simplemente necesitaremos los textos traducidos.\" \/>\n<meta property=\"og:url\" content=\"https:\/\/webdetuboda.com\/en\/product\/traduccion-a-ingles\/\" \/>\n<meta property=\"og:site_name\" content=\"Web de tu boda\" \/>\n<meta property=\"article:modified_time\" content=\"2023-10-24T21:52:14+00:00\" \/>\n<meta property=\"og:image\" content=\"https:\/\/i0.wp.com\/webdetuboda.com\/wp-content\/uploads\/2023\/06\/vintage-2.jpg?fit=1080%2C1920&ssl=1\" \/>\n\t<meta property=\"og:image:width\" content=\"1080\" \/>\n\t<meta property=\"og:image:height\" content=\"1920\" \/>\n\t<meta property=\"og:image:type\" content=\"image\/jpeg\" \/>\n<meta name=\"twitter:card\" content=\"summary_large_image\" \/>\n<script type=\"application\/ld+json\" class=\"yoast-schema-graph\">{\"@context\":\"https:\/\/schema.org\",\"@graph\":[{\"@type\":\"WebPage\",\"@id\":\"https:\/\/webdetuboda.com\/producto\/traduccion-a-ingles\/\",\"url\":\"https:\/\/webdetuboda.com\/producto\/traduccion-a-ingles\/\",\"name\":\"Traducci\u00f3n - Web de tu boda\",\"isPartOf\":{\"@id\":\"https:\/\/webdetuboda.com\/#website\"},\"primaryImageOfPage\":{\"@id\":\"https:\/\/webdetuboda.com\/producto\/traduccion-a-ingles\/#primaryimage\"},\"image\":{\"@id\":\"https:\/\/webdetuboda.com\/producto\/traduccion-a-ingles\/#primaryimage\"},\"thumbnailUrl\":\"https:\/\/i0.wp.com\/webdetuboda.com\/wp-content\/uploads\/2023\/06\/vintage-2.jpg?fit=1080%2C1920&ssl=1\",\"datePublished\":\"2023-06-21T19:46:05+00:00\",\"dateModified\":\"2023-10-24T21:52:14+00:00\",\"breadcrumb\":{\"@id\":\"https:\/\/webdetuboda.com\/producto\/traduccion-a-ingles\/#breadcrumb\"},\"inLanguage\":\"en-GB\",\"potentialAction\":[{\"@type\":\"ReadAction\",\"target\":[\"https:\/\/webdetuboda.com\/producto\/traduccion-a-ingles\/\"]}]},{\"@type\":\"ImageObject\",\"inLanguage\":\"en-GB\",\"@id\":\"https:\/\/webdetuboda.com\/producto\/traduccion-a-ingles\/#primaryimage\",\"url\":\"https:\/\/i0.wp.com\/webdetuboda.com\/wp-content\/uploads\/2023\/06\/vintage-2.jpg?fit=1080%2C1920&ssl=1\",\"contentUrl\":\"https:\/\/i0.wp.com\/webdetuboda.com\/wp-content\/uploads\/2023\/06\/vintage-2.jpg?fit=1080%2C1920&ssl=1\",\"width\":1080,\"height\":1920},{\"@type\":\"BreadcrumbList\",\"@id\":\"https:\/\/webdetuboda.com\/producto\/traduccion-a-ingles\/#breadcrumb\",\"itemListElement\":[{\"@type\":\"ListItem\",\"position\":1,\"name\":\"Portada\",\"item\":\"https:\/\/webdetuboda.com\/\"},{\"@type\":\"ListItem\",\"position\":2,\"name\":\"Nuevo carrito\",\"item\":\"https:\/\/webdetuboda.com\/nuevo-carrito\/\"},{\"@type\":\"ListItem\",\"position\":3,\"name\":\"Traducci\u00f3n\"}]},{\"@type\":\"WebSite\",\"@id\":\"https:\/\/webdetuboda.com\/#website\",\"url\":\"https:\/\/webdetuboda.com\/\",\"name\":\"Web de tu boda\",\"description\":\"La web de tu boda perfecta\",\"publisher\":{\"@id\":\"https:\/\/webdetuboda.com\/#organization\"},\"potentialAction\":[{\"@type\":\"SearchAction\",\"target\":{\"@type\":\"EntryPoint\",\"urlTemplate\":\"https:\/\/webdetuboda.com\/?s={search_term_string}\"},\"query-input\":{\"@type\":\"PropertyValueSpecification\",\"valueRequired\":true,\"valueName\":\"search_term_string\"}}],\"inLanguage\":\"en-GB\"},{\"@type\":\"Organization\",\"@id\":\"https:\/\/webdetuboda.com\/#organization\",\"name\":\"Web de tu boda\",\"url\":\"https:\/\/webdetuboda.com\/\",\"logo\":{\"@type\":\"ImageObject\",\"inLanguage\":\"en-GB\",\"@id\":\"https:\/\/webdetuboda.com\/#\/schema\/logo\/image\/\",\"url\":\"https:\/\/i0.wp.com\/webdetuboda.com\/wp-content\/uploads\/2023\/06\/Diseno-sin-titulo-1.png?fit=900%2C250&ssl=1\",\"contentUrl\":\"https:\/\/i0.wp.com\/webdetuboda.com\/wp-content\/uploads\/2023\/06\/Diseno-sin-titulo-1.png?fit=900%2C250&ssl=1\",\"width\":900,\"height\":250,\"caption\":\"Web de tu boda\"},\"image\":{\"@id\":\"https:\/\/webdetuboda.com\/#\/schema\/logo\/image\/\"}}]}<\/script>\n<!-- \/ Yoast SEO plugin. -->","yoast_head_json":{"title":"Traducci\u00f3n - Web de tu boda","robots":{"index":"index","follow":"follow","max-snippet":"max-snippet:-1","max-image-preview":"max-image-preview:large","max-video-preview":"max-video-preview:-1"},"canonical":"https:\/\/webdetuboda.com\/en\/product\/traduccion-a-ingles\/","og_locale":"en_GB","og_type":"article","og_title":"Traducci\u00f3n - Web de tu boda","og_description":"Traducimos tu invitaci\u00f3n digital a ingl\u00e9s. Si quieres traducir a cualquier otro idioma simplemente necesitaremos los textos traducidos.","og_url":"https:\/\/webdetuboda.com\/en\/product\/traduccion-a-ingles\/","og_site_name":"Web de tu boda","article_modified_time":"2023-10-24T21:52:14+00:00","og_image":[{"width":1080,"height":1920,"url":"https:\/\/i0.wp.com\/webdetuboda.com\/wp-content\/uploads\/2023\/06\/vintage-2.jpg?fit=1080%2C1920&ssl=1","type":"image\/jpeg"}],"twitter_card":"summary_large_image","schema":{"@context":"https:\/\/schema.org","@graph":[{"@type":"WebPage","@id":"https:\/\/webdetuboda.com\/producto\/traduccion-a-ingles\/","url":"https:\/\/webdetuboda.com\/producto\/traduccion-a-ingles\/","name":"Traducci\u00f3n - Web de tu boda","isPartOf":{"@id":"https:\/\/webdetuboda.com\/#website"},"primaryImageOfPage":{"@id":"https:\/\/webdetuboda.com\/producto\/traduccion-a-ingles\/#primaryimage"},"image":{"@id":"https:\/\/webdetuboda.com\/producto\/traduccion-a-ingles\/#primaryimage"},"thumbnailUrl":"https:\/\/i0.wp.com\/webdetuboda.com\/wp-content\/uploads\/2023\/06\/vintage-2.jpg?fit=1080%2C1920&ssl=1","datePublished":"2023-06-21T19:46:05+00:00","dateModified":"2023-10-24T21:52:14+00:00","breadcrumb":{"@id":"https:\/\/webdetuboda.com\/producto\/traduccion-a-ingles\/#breadcrumb"},"inLanguage":"en-GB","potentialAction":[{"@type":"ReadAction","target":["https:\/\/webdetuboda.com\/producto\/traduccion-a-ingles\/"]}]},{"@type":"ImageObject","inLanguage":"en-GB","@id":"https:\/\/webdetuboda.com\/producto\/traduccion-a-ingles\/#primaryimage","url":"https:\/\/i0.wp.com\/webdetuboda.com\/wp-content\/uploads\/2023\/06\/vintage-2.jpg?fit=1080%2C1920&ssl=1","contentUrl":"https:\/\/i0.wp.com\/webdetuboda.com\/wp-content\/uploads\/2023\/06\/vintage-2.jpg?fit=1080%2C1920&ssl=1","width":1080,"height":1920},{"@type":"BreadcrumbList","@id":"https:\/\/webdetuboda.com\/producto\/traduccion-a-ingles\/#breadcrumb","itemListElement":[{"@type":"ListItem","position":1,"name":"Portada","item":"https:\/\/webdetuboda.com\/"},{"@type":"ListItem","position":2,"name":"Nuevo carrito","item":"https:\/\/webdetuboda.com\/nuevo-carrito\/"},{"@type":"ListItem","position":3,"name":"Traducci\u00f3n"}]},{"@type":"WebSite","@id":"https:\/\/webdetuboda.com\/#website","url":"https:\/\/webdetuboda.com\/","name":"Web de tu boda","description":"La web de tu boda perfecta","publisher":{"@id":"https:\/\/webdetuboda.com\/#organization"},"potentialAction":[{"@type":"SearchAction","target":{"@type":"EntryPoint","urlTemplate":"https:\/\/webdetuboda.com\/?s={search_term_string}"},"query-input":{"@type":"PropertyValueSpecification","valueRequired":true,"valueName":"search_term_string"}}],"inLanguage":"en-GB"},{"@type":"Organization","@id":"https:\/\/webdetuboda.com\/#organization","name":"Web de tu boda","url":"https:\/\/webdetuboda.com\/","logo":{"@type":"ImageObject","inLanguage":"en-GB","@id":"https:\/\/webdetuboda.com\/#\/schema\/logo\/image\/","url":"https:\/\/i0.wp.com\/webdetuboda.com\/wp-content\/uploads\/2023\/06\/Diseno-sin-titulo-1.png?fit=900%2C250&ssl=1","contentUrl":"https:\/\/i0.wp.com\/webdetuboda.com\/wp-content\/uploads\/2023\/06\/Diseno-sin-titulo-1.png?fit=900%2C250&ssl=1","width":900,"height":250,"caption":"Web de tu boda"},"image":{"@id":"https:\/\/webdetuboda.com\/#\/schema\/logo\/image\/"}}]}},"jetpack_sharing_enabled":true,"_links":{"self":[{"href":"https:\/\/webdetuboda.com\/en\/wp-json\/wp\/v2\/product\/416","targetHints":{"allow":["GET"]}}],"collection":[{"href":"https:\/\/webdetuboda.com\/en\/wp-json\/wp\/v2\/product"}],"about":[{"href":"https:\/\/webdetuboda.com\/en\/wp-json\/wp\/v2\/types\/product"}],"replies":[{"embeddable":true,"href":"https:\/\/webdetuboda.com\/en\/wp-json\/wp\/v2\/comments?post=416"}],"wp:featuredmedia":[{"embeddable":true,"href":"https:\/\/webdetuboda.com\/en\/wp-json\/wp\/v2\/media\/795"}],"wp:attachment":[{"href":"https:\/\/webdetuboda.com\/en\/wp-json\/wp\/v2\/media?parent=416"}],"wp:term":[{"taxonomy":"product_brand","embeddable":true,"href":"https:\/\/webdetuboda.com\/en\/wp-json\/wp\/v2\/product_brand?post=416"},{"taxonomy":"product_cat","embeddable":true,"href":"https:\/\/webdetuboda.com\/en\/wp-json\/wp\/v2\/product_cat?post=416"},{"taxonomy":"product_tag","embeddable":true,"href":"https:\/\/webdetuboda.com\/en\/wp-json\/wp\/v2\/product_tag?post=416"}],"curies":[{"name":"wp","href":"https:\/\/api.w.org\/{rel}","templated":true}]}}