{"id":184,"date":"2023-06-20T23:13:45","date_gmt":"2023-06-20T22:13:45","guid":{"rendered":"https:\/\/webdetuboda.com\/?page_id=184"},"modified":"2025-01-27T15:31:37","modified_gmt":"2025-01-27T14:31:37","slug":"carrito","status":"publish","type":"page","link":"https:\/\/webdetuboda.com\/en\/carrito\/","title":{"rendered":"Carrito"},"content":{"rendered":"<div data-elementor-type=\"wp-page\" data-elementor-id=\"184\" class=\"elementor elementor-184\" data-elementor-post-type=\"page\">\n\t\t\t\t\t\t<section class=\"elementor-section elementor-top-section elementor-element elementor-element-50913105 elementor-section-boxed elementor-section-height-default elementor-section-height-default\" data-id=\"50913105\" data-element_type=\"section\">\n\t\t\t\t\t\t<div class=\"elementor-container elementor-column-gap-default\">\n\t\t\t\t\t<div class=\"elementor-column elementor-col-100 elementor-top-column elementor-element elementor-element-2f812fca\" data-id=\"2f812fca\" data-element_type=\"column\">\n\t\t\t<div class=\"elementor-widget-wrap elementor-element-populated\">\n\t\t\t\t\t\t<div class=\"elementor-element elementor-element-44672fa elementor-widget elementor-widget-spacer\" data-id=\"44672fa\" data-element_type=\"widget\" data-widget_type=\"spacer.default\">\n\t\t\t\t\t\t\t<div class=\"elementor-spacer\">\n\t\t\t<div class=\"elementor-spacer-inner\"><\/div>\n\t\t<\/div>\n\t\t\t\t\t\t<\/div>\n\t\t\t\t<div class=\"elementor-element elementor-element-338b31f elementor-widget elementor-widget-text-editor\" data-id=\"338b31f\" data-element_type=\"widget\" data-widget_type=\"text-editor.default\">\n\t\t\t\t\t\t\t\t\t<h5>Al finalizar la compra podr\u00e1s consultar otros <span style=\"text-decoration: underline; color: #a39686;\"><strong>servicios exclusivos para clientes de Webdetuboda.com<\/strong><\/span> como son:<\/h5><ul><li><p><span style=\"color: #a39686;\"><strong>Dise\u00f1o y maquetaci\u00f3n<\/strong><\/span> de invitaciones, men\u00fas, informaci\u00f3n sobre el evento, etc.<\/p><\/li><li><p><span style=\"color: #a39686;\"><strong>Impresi\u00f3n de material gr\u00e1fico<\/strong><\/span> como el mencionado anteriormente<\/p><\/li><li><p><span style=\"color: #a39686;\"><strong>Precio especial con nuestra Fot\u00f3grafa<\/strong> <\/span>de confianza @orianahoffman_amore<\/p><\/li><\/ul>\t\t\t\t\t\t\t\t<\/div>\n\t\t\t\t<div class=\"elementor-element elementor-element-19cf14d elementor-widget elementor-widget-spacer\" data-id=\"19cf14d\" data-element_type=\"widget\" data-widget_type=\"spacer.default\">\n\t\t\t\t\t\t\t<div class=\"elementor-spacer\">\n\t\t\t<div class=\"elementor-spacer-inner\"><\/div>\n\t\t<\/div>\n\t\t\t\t\t\t<\/div>\n\t\t\t\t<div class=\"elementor-element elementor-element-7d369e3 elementor-widget elementor-widget-wc-add-to-cart\" data-id=\"7d369e3\" data-element_type=\"widget\" data-widget_type=\"wc-add-to-cart.default\">\n\t\t\t\t\t\t\t\t\t\t<a rel=\"nofollow\" href=\"\/en\/carrito\/?add-to-cart=416\" data-quantity=\"1\" data-product_id=\"416\" class=\"product_type_simple add_to_cart_button ajax_add_to_cart elementor-button elementor-size-sm\" role=\"button\">\n\t\t\t\t\t\t<span class=\"elementor-button-content-wrapper\">\n\t\t\t\t\t\t<span class=\"elementor-button-icon\">\n\t\t\t\t<svg aria-hidden=\"true\" class=\"e-font-icon-svg e-fas-plus-circle\" viewbox=\"0 0 512 512\" xmlns=\"http:\/\/www.w3.org\/2000\/svg\"><path d=\"M256 8C119 8 8 119 8 256s111 248 248 248 248-111 248-248S393 8 256 8zm144 276c0 6.6-5.4 12-12 12h-92v92c0 6.6-5.4 12-12 12h-56c-6.6 0-12-5.4-12-12v-92h-92c-6.6 0-12-5.4-12-12v-56c0-6.6 5.4-12 12-12h92v-92c0-6.6 5.4-12 12-12h56c6.6 0 12 5.4 12 12v92h92c6.6 0 12 5.4 12 12v56z\"><\/path><\/svg>\t\t\t<\/span>\n\t\t\t\t\t\t\t\t\t<span class=\"elementor-button-text\">A\u00f1adir traducci\u00f3n a otro idioma +49,00\u20ac<\/span>\n\t\t\t\t\t<\/span>\n\t\t\t\t\t<\/a>\n\t\t\t\t\t\t\t\t<\/div>\n\t\t\t\t<div class=\"elementor-element elementor-element-d25a5d7 elementor-widget elementor-widget-wc-add-to-cart\" data-id=\"d25a5d7\" data-element_type=\"widget\" data-widget_type=\"wc-add-to-cart.default\">\n\t\t\t\t\t\t\t\t\t\t<a rel=\"nofollow\" href=\"\/en\/carrito\/?add-to-cart=1416\" data-quantity=\"1\" data-product_id=\"1416\" class=\"product_type_simple add_to_cart_button ajax_add_to_cart elementor-button elementor-size-sm\" role=\"button\">\n\t\t\t\t\t\t<span class=\"elementor-button-content-wrapper\">\n\t\t\t\t\t\t<span class=\"elementor-button-icon\">\n\t\t\t\t<svg aria-hidden=\"true\" class=\"e-font-icon-svg e-fas-plus-circle\" viewbox=\"0 0 512 512\" xmlns=\"http:\/\/www.w3.org\/2000\/svg\"><path d=\"M256 8C119 8 8 119 8 256s111 248 248 248 248-111 248-248S393 8 256 8zm144 276c0 6.6-5.4 12-12 12h-92v92c0 6.6-5.4 12-12 12h-56c-6.6 0-12-5.4-12-12v-92h-92c-6.6 0-12-5.4-12-12v-56c0-6.6 5.4-12 12-12h92v-92c0-6.6 5.4-12 12-12h56c6.6 0 12 5.4 12 12v92h92c6.6 0 12 5.4 12 12v56z\"><\/path><\/svg>\t\t\t<\/span>\n\t\t\t\t\t\t\t\t\t<span class=\"elementor-button-text\">Dominio propio +7,00\u20ac<\/span>\n\t\t\t\t\t<\/span>\n\t\t\t\t\t<\/a>\n\t\t\t\t\t\t\t\t<\/div>\n\t\t\t\t\t<\/div>\n\t\t<\/div>\n\t\t\t\t\t<\/div>\n\t\t<\/section>\n\t\t\t\t<\/div>","protected":false},"excerpt":{"rendered":"<p>Al finalizar la compra podr\u00e1s consultar otros servicios exclusivos para clientes de Webdetuboda.com como son: Dise\u00f1o y maquetaci\u00f3n de invitaciones, men\u00fas, informaci\u00f3n sobre el evento, etc. Impresi\u00f3n de material gr\u00e1fico como el mencionado anteriormente Precio especial con nuestra Fot\u00f3grafa de confianza @orianahoffman_amore A\u00f1adir traducci\u00f3n a otro idioma +49,00\u20ac Dominio propio +7,00\u20ac Eliminar art\u00edculo Imagen en [&hellip;]<\/p>","protected":false},"author":1,"featured_media":0,"parent":0,"menu_order":0,"comment_status":"closed","ping_status":"closed","template":"elementor_header_footer","meta":{"footnotes":""},"class_list":["post-184","page","type-page","status-publish","hentry"],"yoast_head":"<!-- This site is optimized with the Yoast SEO plugin v26.5 - https:\/\/yoast.com\/wordpress\/plugins\/seo\/ -->\n<title>Carrito - Web de tu boda<\/title>\n<meta name=\"robots\" content=\"index, follow, max-snippet:-1, max-image-preview:large, max-video-preview:-1\" \/>\n<link rel=\"canonical\" href=\"https:\/\/webdetuboda.com\/en\/carrito\/\" \/>\n<meta property=\"og:locale\" content=\"en_GB\" \/>\n<meta property=\"og:type\" content=\"article\" \/>\n<meta property=\"og:title\" content=\"Carrito - Web de tu boda\" \/>\n<meta property=\"og:description\" content=\"Al finalizar la compra podr\u00e1s consultar otros servicios exclusivos para clientes de Webdetuboda.com como son: Dise\u00f1o y maquetaci\u00f3n de invitaciones, men\u00fas, informaci\u00f3n sobre el evento, etc. Impresi\u00f3n de material gr\u00e1fico como el mencionado anteriormente Precio especial con nuestra Fot\u00f3grafa de confianza @orianahoffman_amore A\u00f1adir traducci\u00f3n a otro idioma +49,00\u20ac Dominio propio +7,00\u20ac Eliminar art\u00edculo Imagen en [&hellip;]\" \/>\n<meta property=\"og:url\" content=\"https:\/\/webdetuboda.com\/en\/carrito\/\" \/>\n<meta property=\"og:site_name\" content=\"Web de tu boda\" \/>\n<meta property=\"article:modified_time\" content=\"2025-01-27T14:31:37+00:00\" \/>\n<meta property=\"og:image\" content=\"https:\/\/webdetuboda.com\/wp-content\/uploads\/2023\/06\/vintage-1-1-300x300.jpg\" \/>\n<meta name=\"twitter:card\" content=\"summary_large_image\" \/>\n<meta name=\"twitter:label1\" content=\"Estimated reading time\" \/>\n\t<meta name=\"twitter:data1\" content=\"1 minute\" \/>\n<script type=\"application\/ld+json\" class=\"yoast-schema-graph\">{\"@context\":\"https:\/\/schema.org\",\"@graph\":[{\"@type\":\"WebPage\",\"@id\":\"https:\/\/webdetuboda.com\/carrito\/\",\"url\":\"https:\/\/webdetuboda.com\/carrito\/\",\"name\":\"Carrito - Web de tu boda\",\"isPartOf\":{\"@id\":\"https:\/\/webdetuboda.com\/#website\"},\"primaryImageOfPage\":{\"@id\":\"https:\/\/webdetuboda.com\/carrito\/#primaryimage\"},\"image\":{\"@id\":\"https:\/\/webdetuboda.com\/carrito\/#primaryimage\"},\"thumbnailUrl\":\"https:\/\/webdetuboda.com\/wp-content\/uploads\/2023\/06\/vintage-1-1-300x300.jpg\",\"datePublished\":\"2023-06-20T22:13:45+00:00\",\"dateModified\":\"2025-01-27T14:31:37+00:00\",\"breadcrumb\":{\"@id\":\"https:\/\/webdetuboda.com\/carrito\/#breadcrumb\"},\"inLanguage\":\"en-GB\",\"potentialAction\":[{\"@type\":\"ReadAction\",\"target\":[\"https:\/\/webdetuboda.com\/carrito\/\"]}]},{\"@type\":\"ImageObject\",\"inLanguage\":\"en-GB\",\"@id\":\"https:\/\/webdetuboda.com\/carrito\/#primaryimage\",\"url\":\"https:\/\/webdetuboda.com\/wp-content\/uploads\/2023\/06\/vintage-1-1-300x300.jpg\",\"contentUrl\":\"https:\/\/webdetuboda.com\/wp-content\/uploads\/2023\/06\/vintage-1-1-300x300.jpg\"},{\"@type\":\"BreadcrumbList\",\"@id\":\"https:\/\/webdetuboda.com\/carrito\/#breadcrumb\",\"itemListElement\":[{\"@type\":\"ListItem\",\"position\":1,\"name\":\"Portada\",\"item\":\"https:\/\/webdetuboda.com\/\"},{\"@type\":\"ListItem\",\"position\":2,\"name\":\"Carrito\"}]},{\"@type\":\"WebSite\",\"@id\":\"https:\/\/webdetuboda.com\/#website\",\"url\":\"https:\/\/webdetuboda.com\/\",\"name\":\"Web de tu boda\",\"description\":\"La web de tu boda perfecta\",\"publisher\":{\"@id\":\"https:\/\/webdetuboda.com\/#organization\"},\"potentialAction\":[{\"@type\":\"SearchAction\",\"target\":{\"@type\":\"EntryPoint\",\"urlTemplate\":\"https:\/\/webdetuboda.com\/?s={search_term_string}\"},\"query-input\":{\"@type\":\"PropertyValueSpecification\",\"valueRequired\":true,\"valueName\":\"search_term_string\"}}],\"inLanguage\":\"en-GB\"},{\"@type\":\"Organization\",\"@id\":\"https:\/\/webdetuboda.com\/#organization\",\"name\":\"Web de tu boda\",\"url\":\"https:\/\/webdetuboda.com\/\",\"logo\":{\"@type\":\"ImageObject\",\"inLanguage\":\"en-GB\",\"@id\":\"https:\/\/webdetuboda.com\/#\/schema\/logo\/image\/\",\"url\":\"https:\/\/i0.wp.com\/webdetuboda.com\/wp-content\/uploads\/2023\/06\/Diseno-sin-titulo-1.png?fit=900%2C250&ssl=1\",\"contentUrl\":\"https:\/\/i0.wp.com\/webdetuboda.com\/wp-content\/uploads\/2023\/06\/Diseno-sin-titulo-1.png?fit=900%2C250&ssl=1\",\"width\":900,\"height\":250,\"caption\":\"Web de tu boda\"},\"image\":{\"@id\":\"https:\/\/webdetuboda.com\/#\/schema\/logo\/image\/\"}}]}<\/script>\n<!-- \/ Yoast SEO plugin. -->","yoast_head_json":{"title":"Carrito - Web de tu boda","robots":{"index":"index","follow":"follow","max-snippet":"max-snippet:-1","max-image-preview":"max-image-preview:large","max-video-preview":"max-video-preview:-1"},"canonical":"https:\/\/webdetuboda.com\/en\/carrito\/","og_locale":"en_GB","og_type":"article","og_title":"Carrito - Web de tu boda","og_description":"Al finalizar la compra podr\u00e1s consultar otros servicios exclusivos para clientes de Webdetuboda.com como son: Dise\u00f1o y maquetaci\u00f3n de invitaciones, men\u00fas, informaci\u00f3n sobre el evento, etc. Impresi\u00f3n de material gr\u00e1fico como el mencionado anteriormente Precio especial con nuestra Fot\u00f3grafa de confianza @orianahoffman_amore A\u00f1adir traducci\u00f3n a otro idioma +49,00\u20ac Dominio propio +7,00\u20ac Eliminar art\u00edculo Imagen en [&hellip;]","og_url":"https:\/\/webdetuboda.com\/en\/carrito\/","og_site_name":"Web de tu boda","article_modified_time":"2025-01-27T14:31:37+00:00","og_image":[{"url":"https:\/\/webdetuboda.com\/wp-content\/uploads\/2023\/06\/vintage-1-1-300x300.jpg","type":"","width":"","height":""}],"twitter_card":"summary_large_image","twitter_misc":{"Estimated reading time":"1 minute"},"schema":{"@context":"https:\/\/schema.org","@graph":[{"@type":"WebPage","@id":"https:\/\/webdetuboda.com\/carrito\/","url":"https:\/\/webdetuboda.com\/carrito\/","name":"Carrito - Web de tu boda","isPartOf":{"@id":"https:\/\/webdetuboda.com\/#website"},"primaryImageOfPage":{"@id":"https:\/\/webdetuboda.com\/carrito\/#primaryimage"},"image":{"@id":"https:\/\/webdetuboda.com\/carrito\/#primaryimage"},"thumbnailUrl":"https:\/\/webdetuboda.com\/wp-content\/uploads\/2023\/06\/vintage-1-1-300x300.jpg","datePublished":"2023-06-20T22:13:45+00:00","dateModified":"2025-01-27T14:31:37+00:00","breadcrumb":{"@id":"https:\/\/webdetuboda.com\/carrito\/#breadcrumb"},"inLanguage":"en-GB","potentialAction":[{"@type":"ReadAction","target":["https:\/\/webdetuboda.com\/carrito\/"]}]},{"@type":"ImageObject","inLanguage":"en-GB","@id":"https:\/\/webdetuboda.com\/carrito\/#primaryimage","url":"https:\/\/webdetuboda.com\/wp-content\/uploads\/2023\/06\/vintage-1-1-300x300.jpg","contentUrl":"https:\/\/webdetuboda.com\/wp-content\/uploads\/2023\/06\/vintage-1-1-300x300.jpg"},{"@type":"BreadcrumbList","@id":"https:\/\/webdetuboda.com\/carrito\/#breadcrumb","itemListElement":[{"@type":"ListItem","position":1,"name":"Portada","item":"https:\/\/webdetuboda.com\/"},{"@type":"ListItem","position":2,"name":"Carrito"}]},{"@type":"WebSite","@id":"https:\/\/webdetuboda.com\/#website","url":"https:\/\/webdetuboda.com\/","name":"Web de tu boda","description":"La web de tu boda perfecta","publisher":{"@id":"https:\/\/webdetuboda.com\/#organization"},"potentialAction":[{"@type":"SearchAction","target":{"@type":"EntryPoint","urlTemplate":"https:\/\/webdetuboda.com\/?s={search_term_string}"},"query-input":{"@type":"PropertyValueSpecification","valueRequired":true,"valueName":"search_term_string"}}],"inLanguage":"en-GB"},{"@type":"Organization","@id":"https:\/\/webdetuboda.com\/#organization","name":"Web de tu boda","url":"https:\/\/webdetuboda.com\/","logo":{"@type":"ImageObject","inLanguage":"en-GB","@id":"https:\/\/webdetuboda.com\/#\/schema\/logo\/image\/","url":"https:\/\/i0.wp.com\/webdetuboda.com\/wp-content\/uploads\/2023\/06\/Diseno-sin-titulo-1.png?fit=900%2C250&ssl=1","contentUrl":"https:\/\/i0.wp.com\/webdetuboda.com\/wp-content\/uploads\/2023\/06\/Diseno-sin-titulo-1.png?fit=900%2C250&ssl=1","width":900,"height":250,"caption":"Web de tu boda"},"image":{"@id":"https:\/\/webdetuboda.com\/#\/schema\/logo\/image\/"}}]}},"jetpack_sharing_enabled":true,"_links":{"self":[{"href":"https:\/\/webdetuboda.com\/en\/wp-json\/wp\/v2\/pages\/184","targetHints":{"allow":["GET"]}}],"collection":[{"href":"https:\/\/webdetuboda.com\/en\/wp-json\/wp\/v2\/pages"}],"about":[{"href":"https:\/\/webdetuboda.com\/en\/wp-json\/wp\/v2\/types\/page"}],"author":[{"embeddable":true,"href":"https:\/\/webdetuboda.com\/en\/wp-json\/wp\/v2\/users\/1"}],"replies":[{"embeddable":true,"href":"https:\/\/webdetuboda.com\/en\/wp-json\/wp\/v2\/comments?post=184"}],"version-history":[{"count":45,"href":"https:\/\/webdetuboda.com\/en\/wp-json\/wp\/v2\/pages\/184\/revisions"}],"predecessor-version":[{"id":1422,"href":"https:\/\/webdetuboda.com\/en\/wp-json\/wp\/v2\/pages\/184\/revisions\/1422"}],"wp:attachment":[{"href":"https:\/\/webdetuboda.com\/en\/wp-json\/wp\/v2\/media?parent=184"}],"curies":[{"name":"wp","href":"https:\/\/api.w.org\/{rel}","templated":true}]}}